{"id":21962,"date":"2020-04-30T11:12:41","date_gmt":"2020-04-30T11:12:41","guid":{"rendered":"https:\/\/atakanayhan.av.tr\/contact\/"},"modified":"2025-03-07T11:46:56","modified_gmt":"2025-03-07T11:46:56","slug":"contact","status":"publish","type":"page","link":"https:\/\/atakanayhan.av.tr\/en\/contact\/","title":{"rendered":"Contact"},"content":{"rendered":"\t\t<div data-elementor-type=\"wp-page\" data-elementor-id=\"21962\" class=\"elementor elementor-21962 elementor-1453\" data-elementor-post-type=\"page\">\n\t\t\t\t\t\t<section class=\"elementor-section elementor-top-section elementor-element elementor-element-21007b6 elementor-section-stretched scheme_light elementor-section-boxed elementor-section-height-default elementor-section-height-default sc_fly_static\" data-id=\"21007b6\" data-element_type=\"section\" data-settings=\"{&quot;stretch_section&quot;:&quot;section-stretched&quot;,&quot;background_background&quot;:&quot;classic&quot;}\">\n\t\t\t\t\t\t\t<div class=\"elementor-background-overlay\"><\/div>\n\t\t\t\t\t\t\t<div class=\"elementor-container elementor-column-gap-extended\">\n\t\t\t\t\t<div class=\"elementor-column elementor-col-100 elementor-top-column elementor-element elementor-element-cfe325e sc_content_align_inherit sc_layouts_column_icons_position_left sc_fly_static\" data-id=\"cfe325e\" data-element_type=\"column\">\n\t\t\t<div class=\"elementor-widget-wrap elementor-element-populated\">\n\t\t\t\t\t\t<div class=\"elementor-element elementor-element-5a2bf65 sc_height_large sc_fly_static elementor-widget elementor-widget-spacer\" data-id=\"5a2bf65\" data-element_type=\"widget\" data-widget_type=\"spacer.default\">\n\t\t\t\t<div class=\"elementor-widget-container\">\n\t\t\t\t\t\t\t<div class=\"elementor-spacer\">\n\t\t\t<div class=\"elementor-spacer-inner\"><\/div>\n\t\t<\/div>\n\t\t\t\t\t\t<\/div>\n\t\t\t\t<\/div>\n\t\t\t\t<div class=\"elementor-element elementor-element-9a9945c sc_layouts_hide_on_mobile sc_layouts_hide_on_tablet sc_fly_static elementor-widget elementor-widget-spacer\" data-id=\"9a9945c\" data-element_type=\"widget\" data-widget_type=\"spacer.default\">\n\t\t\t\t<div class=\"elementor-widget-container\">\n\t\t\t\t\t\t\t<div class=\"elementor-spacer\">\n\t\t\t<div class=\"elementor-spacer-inner\"><\/div>\n\t\t<\/div>\n\t\t\t\t\t\t<\/div>\n\t\t\t\t<\/div>\n\t\t\t\t<section class=\"elementor-section elementor-inner-section elementor-element elementor-element-154b1c3 elementor-section-boxed elementor-section-height-default elementor-section-height-default sc_fly_static\" data-id=\"154b1c3\" data-element_type=\"section\">\n\t\t\t\t\t\t<div class=\"elementor-container elementor-column-gap-extended\">\n\t\t\t\t\t<div class=\"elementor-column elementor-col-33 elementor-inner-column elementor-element elementor-element-2f48f13 sc_content_align_inherit sc_layouts_column_icons_position_left sc_fly_static\" data-id=\"2f48f13\" data-element_type=\"column\">\n\t\t\t<div class=\"elementor-widget-wrap elementor-element-populated\">\n\t\t\t\t\t\t<div class=\"elementor-element elementor-element-e200df6 sc_fly_static elementor-widget elementor-widget-trx_sc_title\" data-id=\"e200df6\" data-element_type=\"widget\" data-widget_type=\"trx_sc_title.default\">\n\t\t\t\t<div class=\"elementor-widget-container\">\n\t\t\t\t\t<div\t\tclass=\"sc_title sc_title_default\" ><span class=\"sc_item_subtitle sc_title_subtitle sc_item_subtitle_above sc_item_title_style_default\">Contact<\/span><h2 class=\"sc_item_title sc_title_title sc_item_title_style_default sc_item_title_tag\"\n\t\t\t><span class=\"sc_item_title_text\">Contact us<\/span><\/h2><div class=\"sc_item_descr sc_title_descr\"><p>You can contact us for any questions you may have.<\/p>\n<\/div><\/div>\t\t\t\t<\/div>\n\t\t\t\t<\/div>\n\t\t\t\t<div class=\"elementor-element elementor-element-0594ee0 sc_fly_static elementor-widget elementor-widget-spacer\" data-id=\"0594ee0\" data-element_type=\"widget\" data-widget_type=\"spacer.default\">\n\t\t\t\t<div class=\"elementor-widget-container\">\n\t\t\t\t\t\t\t<div class=\"elementor-spacer\">\n\t\t\t<div class=\"elementor-spacer-inner\"><\/div>\n\t\t<\/div>\n\t\t\t\t\t\t<\/div>\n\t\t\t\t<\/div>\n\t\t\t\t<div class=\"elementor-element elementor-element-b9caafe sc_fly_static elementor-widget elementor-widget-trx_sc_icons\" data-id=\"b9caafe\" data-element_type=\"widget\" data-widget_type=\"trx_sc_icons.default\">\n\t\t\t\t<div class=\"elementor-widget-container\">\n\t\t\t\t\t<div \tclass=\"sc_icons sc_icons_simple sc_icons_size_small sc_align_none\" ><div class=\"sc_icons_item\"><div class=\"sc_icons_icon sc_icon_type_ icon-marker\" ><span class=\"sc_icon_type_ icon-marker\"><\/span><\/div><div class=\"sc_icons_item_details\"><div class=\"sc_icons_item_description\"><span>Asmal\u0131 Mescit Mah. Istiklal Cad. Elhamra Han No :130 Daire:23 Beyo\u011flu\/ISTANBUL  <\/span><\/div><\/div><\/div><div class=\"sc_icons_item sc_icons_item_linked with_more\"><div class=\"sc_icons_icon sc_icon_type_ icon-iphone\" ><span class=\"sc_icon_type_ icon-iphone\"><\/span><\/div><div class=\"sc_icons_item_details\"><a href=\"tel:+905419028162\" class=\"sc_icons_item_more_link\">\r\n                        <span class=\"link_text\">+90 541 902 81 62<\/span><span class=\"link_icon\"><\/span>\r\n                        <\/a><a href=\"tel:+905419028162\"\r\n                        class=\"sc_icons_item_link\">\r\n                        <\/a><\/div><\/div><div class=\"sc_icons_item\"><div class=\"sc_icons_icon sc_icon_type_ icon-envelope-2\" ><span class=\"sc_icon_type_ icon-envelope-2\"><\/span><\/div><div class=\"sc_icons_item_details\"><div class=\"sc_icons_item_description\"><span><a target=\"_blank\" href=\"mailto:info@atakanayhan.av.tr\">info@atakanayhan.av.tr<\/a><\/span><\/div><\/div><\/div><\/div><!-- \/.sc_icons -->\t\t\t\t<\/div>\n\t\t\t\t<\/div>\n\t\t\t\t<div class=\"elementor-element elementor-element-449e67f sc_height_medium sc_layouts_hide_on_wide sc_layouts_hide_on_desktop sc_layouts_hide_on_notebook sc_layouts_hide_on_tablet sc_fly_static elementor-widget elementor-widget-spacer\" data-id=\"449e67f\" data-element_type=\"widget\" data-widget_type=\"spacer.default\">\n\t\t\t\t<div class=\"elementor-widget-container\">\n\t\t\t\t\t\t\t<div class=\"elementor-spacer\">\n\t\t\t<div class=\"elementor-spacer-inner\"><\/div>\n\t\t<\/div>\n\t\t\t\t\t\t<\/div>\n\t\t\t\t<\/div>\n\t\t\t\t\t<\/div>\n\t\t<\/div>\n\t\t\t\t<div class=\"elementor-column elementor-col-66 elementor-inner-column elementor-element elementor-element-6f51ef1 sc_content_align_inherit sc_layouts_column_icons_position_left sc_fly_static\" data-id=\"6f51ef1\" data-element_type=\"column\">\n\t\t\t<div class=\"elementor-widget-wrap elementor-element-populated\">\n\t\t\t\t\t\t<div class=\"elementor-element elementor-element-a1d05b9 sc_layouts_hide_on_mobile sc_fly_static elementor-widget elementor-widget-spacer\" data-id=\"a1d05b9\" data-element_type=\"widget\" data-widget_type=\"spacer.default\">\n\t\t\t\t<div class=\"elementor-widget-container\">\n\t\t\t\t\t\t\t<div class=\"elementor-spacer\">\n\t\t\t<div class=\"elementor-spacer-inner\"><\/div>\n\t\t<\/div>\n\t\t\t\t\t\t<\/div>\n\t\t\t\t<\/div>\n\t\t\t\t<div class=\"elementor-element elementor-element-7317bac sc_fly_static elementor-widget elementor-widget-trx_sc_contact_form_7\" data-id=\"7317bac\" data-element_type=\"widget\" data-widget_type=\"trx_sc_contact_form_7.default\">\n\t\t\t\t<div class=\"elementor-widget-container\">\n\t\t\t\t\t\n<div class=\"wpcf7 no-js\" id=\"wpcf7-f21974-o1\" lang=\"en-US\" dir=\"ltr\" data-wpcf7-id=\"21974\">\n<div class=\"screen-reader-response\"><p role=\"status\" aria-live=\"polite\" aria-atomic=\"true\"><\/p> <ul><\/ul><\/div>\n<form action=\"\/en\/wp-json\/wp\/v2\/pages\/21962#wpcf7-f21974-o1\" method=\"post\" class=\"wpcf7-form init\" aria-label=\"Contact form\" novalidate=\"novalidate\" data-status=\"init\">\n<div style=\"display: none;\">\n<input type=\"hidden\" name=\"_wpcf7\" value=\"21974\" \/>\n<input type=\"hidden\" name=\"_wpcf7_version\" value=\"6.0.3\" \/>\n<input type=\"hidden\" name=\"_wpcf7_locale\" value=\"en_US\" \/>\n<input type=\"hidden\" name=\"_wpcf7_unit_tag\" value=\"wpcf7-f21974-o1\" \/>\n<input type=\"hidden\" name=\"_wpcf7_container_post\" value=\"0\" \/>\n<input type=\"hidden\" name=\"_wpcf7_posted_data_hash\" value=\"\" \/>\n<\/div>\n<div class=\"form-style-1\">\n\t<div class=\"columns_wrap\">\n\t\t<div class=\"column-1_2\">\n\t\t\t<p><span class=\"style-line icon-name\"><span class=\"wpcf7-form-control-wrap\" data-name=\"your-name\"><input size=\"40\" maxlength=\"400\" class=\"wpcf7-form-control wpcf7-text wpcf7-validates-as-required\" aria-required=\"true\" aria-invalid=\"false\" placeholder=\"Name Surname\" value=\"\" type=\"text\" name=\"your-name\" \/><\/span><\/span>\n\t\t\t<\/p>\n\t\t<\/div>\n\t\t<div class=\"column-1_2\">\n\t\t\t<p><span class=\"style-line icon-email\"><span class=\"wpcf7-form-control-wrap\" data-name=\"your-email\"><input size=\"40\" maxlength=\"400\" class=\"wpcf7-form-control wpcf7-email wpcf7-validates-as-required wpcf7-text wpcf7-validates-as-email\" aria-required=\"true\" aria-invalid=\"false\" placeholder=\"Email\" value=\"\" type=\"email\" name=\"your-email\" \/><\/span><\/span>\n\t\t\t<\/p>\n\t\t<\/div>\n\t<\/div>\n\t<div class=\"columns_wrap\">\n\t\t<div class=\"column-1_2\">\n\t\t\t<p><span class=\"style-line icon-phone\"><span class=\"wpcf7-form-control-wrap\" data-name=\"phone\"><input size=\"40\" maxlength=\"400\" class=\"wpcf7-form-control wpcf7-tel wpcf7-validates-as-required wpcf7-text wpcf7-validates-as-tel\" aria-required=\"true\" aria-invalid=\"false\" placeholder=\"Phone\" value=\"\" type=\"tel\" name=\"phone\" \/><\/span><\/span>\n\t\t\t<\/p>\n\t\t<\/div>\n\t\t<div class=\"column-1_2\">\n\t\t\t<p><span class=\"style-line icon-subject\"><span class=\"wpcf7-form-control-wrap\" data-name=\"subject\"><input size=\"40\" maxlength=\"400\" class=\"wpcf7-form-control wpcf7-text wpcf7-validates-as-required\" aria-required=\"true\" aria-invalid=\"false\" placeholder=\"Subject\" value=\"\" type=\"text\" name=\"subject\" \/><\/span><\/span>\n\t\t\t<\/p>\n\t\t<\/div>\n\t<\/div>\n\t<div class=\"columns_wrap margin-bottom\">\n\t\t<div class=\"column-1_1\">\n\t\t\t<p><span class=\"style-line icon-textarea\"><span class=\"wpcf7-form-control-wrap\" data-name=\"your-message\"><textarea cols=\"40\" rows=\"10\" maxlength=\"2000\" class=\"wpcf7-form-control wpcf7-textarea wpcf7-validates-as-required\" aria-required=\"true\" aria-invalid=\"false\" placeholder=\"How can we help you? Feel free to get in touch!\" name=\"your-message\"><\/textarea><\/span><\/span>\n\t\t\t<\/p>\n\t\t<\/div>\n\t<\/div>\n\t<p><input class=\"wpcf7-form-control wpcf7-submit has-spinner\" type=\"submit\" value=\"Send\" \/><span class=\"wpcf7-form-control-wrap\" data-name=\"acceptance\"><span class=\"wpcf7-form-control wpcf7-acceptance\"><span class=\"wpcf7-list-item\"><label><input type=\"checkbox\" name=\"acceptance\" value=\"1\" aria-invalid=\"false\" \/><span class=\"wpcf7-list-item-label\"><a target=\"_blank\" href=\"https:\/\/atakanayhan.av.tr\/en\/kvkk-text\/\">KVKK Text<\/a> and <a target=\"_blank\" href=\"https:\/\/atakanayhan.av.tr\/en\/open-consent-text\/\">Open Consent Text<\/a> I accept.<\/span><\/label><\/span><\/span><\/span>\n\t<\/p>\n<\/div><div class=\"wpcf7-response-output\" aria-hidden=\"true\"><\/div>\n<\/form>\n<\/div>\n\t\t\t\t<\/div>\n\t\t\t\t<\/div>\n\t\t\t\t\t<\/div>\n\t\t<\/div>\n\t\t\t\t\t<\/div>\n\t\t<\/section>\n\t\t\t\t<div class=\"elementor-element elementor-element-ed84d57 sc_height_huge sc_fly_static elementor-widget elementor-widget-spacer\" data-id=\"ed84d57\" data-element_type=\"widget\" data-widget_type=\"spacer.default\">\n\t\t\t\t<div class=\"elementor-widget-container\">\n\t\t\t\t\t\t\t<div class=\"elementor-spacer\">\n\t\t\t<div class=\"elementor-spacer-inner\"><\/div>\n\t\t<\/div>\n\t\t\t\t\t\t<\/div>\n\t\t\t\t<\/div>\n\t\t\t\t\t<\/div>\n\t\t<\/div>\n\t\t\t\t\t<\/div>\n\t\t<\/section>\n\t\t\t\t<section class=\"elementor-section elementor-top-section elementor-element elementor-element-b35b84a elementor-section-stretched elementor-section-full_width elementor-section-height-default elementor-section-height-default sc_fly_static\" data-id=\"b35b84a\" data-element_type=\"section\" data-settings=\"{&quot;stretch_section&quot;:&quot;section-stretched&quot;,&quot;background_background&quot;:&quot;classic&quot;}\">\n\t\t\t\t\t\t<div class=\"elementor-container elementor-column-gap-no\">\n\t\t\t\t\t<div class=\"elementor-column elementor-col-100 elementor-top-column elementor-element elementor-element-d92b45a sc_content_align_inherit sc_layouts_column_icons_position_left sc_fly_static\" data-id=\"d92b45a\" data-element_type=\"column\">\n\t\t\t<div class=\"elementor-widget-wrap elementor-element-populated\">\n\t\t\t\t\t\t<div class=\"elementor-element elementor-element-06bd404 sc_fly_static elementor-widget elementor-widget-google_maps\" data-id=\"06bd404\" data-element_type=\"widget\" data-widget_type=\"google_maps.default\">\n\t\t\t\t<div class=\"elementor-widget-container\">\n\t\t\t\t\t\t\t<div class=\"elementor-custom-embed\">\n\t\t\t<iframe loading=\"lazy\"\n\t\t\t\t\tsrc=\"https:\/\/maps.google.com\/maps?q=Asmal%C4%B1%20Mescit%20Mah.%20%C4%B0stiklal%20Cad.%20Elhamra%20Han%20No%20%3A130%20Daire%3A23%20Beyo%C4%9Flu%2F%C4%B0STANBUL&#038;t=m&#038;z=10&#038;output=embed&#038;iwloc=near\"\n\t\t\t\t\ttitle=\"Asmal\u0131 Mescit Mah. \u0130stiklal Cad. Elhamra Han No :130 Daire:23 Beyo\u011flu\/\u0130STANBUL\"\n\t\t\t\t\taria-label=\"Asmal\u0131 Mescit Mah. \u0130stiklal Cad. Elhamra Han No :130 Daire:23 Beyo\u011flu\/\u0130STANBUL\"\n\t\t\t><\/iframe>\n\t\t<\/div>\n\t\t\t\t\t\t<\/div>\n\t\t\t\t<\/div>\n\t\t\t\t\t<\/div>\n\t\t<\/div>\n\t\t\t\t\t<\/div>\n\t\t<\/section>\n\t\t\t\t<\/div>\n\t\t","protected":false},"excerpt":{"rendered":"Contact Contact us You can contact us for any questions you may have. Asmal\u0131 Mescit Mah. Istiklal Cad. Elhamra Han No :130 Daire:23 Beyo\u011flu\/ISTANBUL +90 541 902 81 62 info@atakanayhan.av.tr&hellip;","protected":false},"author":1,"featured_media":0,"parent":0,"menu_order":0,"comment_status":"closed","ping_status":"closed","template":"","meta":{"footnotes":""},"class_list":["post-21962","page","type-page","status-publish","hentry"],"yoast_head":"<!-- This site is optimized with the Yoast SEO plugin v24.7 - https:\/\/yoast.com\/wordpress\/plugins\/seo\/ -->\n<title>Contact - Avukat Atakan Ayhan<\/title>\n<meta name=\"robots\" content=\"index, follow, max-snippet:-1, max-image-preview:large, max-video-preview:-1\" \/>\n<link rel=\"canonical\" href=\"https:\/\/atakanayhan.av.tr\/en\/contact\/\" \/>\n<meta property=\"og:locale\" content=\"en_US\" \/>\n<meta property=\"og:type\" content=\"article\" \/>\n<meta property=\"og:title\" content=\"Contact - Avukat Atakan Ayhan\" \/>\n<meta property=\"og:description\" content=\"Contact Contact us You can contact us for any questions you may have. Asmal\u0131 Mescit Mah. Istiklal Cad. Elhamra Han No :130 Daire:23 Beyo\u011flu\/ISTANBUL +90 541 902 81 62 info@atakanayhan.av.tr&hellip;\" \/>\n<meta property=\"og:url\" content=\"https:\/\/atakanayhan.av.tr\/en\/contact\/\" \/>\n<meta property=\"og:site_name\" content=\"Avukat Atakan Ayhan\" \/>\n<meta property=\"article:modified_time\" content=\"2025-03-07T11:46:56+00:00\" \/>\n<meta name=\"twitter:card\" content=\"summary_large_image\" \/>\n<script type=\"application\/ld+json\" class=\"yoast-schema-graph\">{\"@context\":\"https:\/\/schema.org\",\"@graph\":[{\"@type\":\"WebPage\",\"@id\":\"https:\/\/atakanayhan.av.tr\/en\/contact\/\",\"url\":\"https:\/\/atakanayhan.av.tr\/en\/contact\/\",\"name\":\"Contact - Avukat Atakan Ayhan\",\"isPartOf\":{\"@id\":\"https:\/\/atakanayhan.av.tr\/en\/#website\"},\"datePublished\":\"2020-04-30T11:12:41+00:00\",\"dateModified\":\"2025-03-07T11:46:56+00:00\",\"breadcrumb\":{\"@id\":\"https:\/\/atakanayhan.av.tr\/en\/contact\/#breadcrumb\"},\"inLanguage\":\"en-US\",\"potentialAction\":[{\"@type\":\"ReadAction\",\"target\":[\"https:\/\/atakanayhan.av.tr\/en\/contact\/\"]}]},{\"@type\":\"BreadcrumbList\",\"@id\":\"https:\/\/atakanayhan.av.tr\/en\/contact\/#breadcrumb\",\"itemListElement\":[{\"@type\":\"ListItem\",\"position\":1,\"name\":\"Anasayfa\",\"item\":\"https:\/\/atakanayhan.av.tr\/en\/\"},{\"@type\":\"ListItem\",\"position\":2,\"name\":\"Contact\"}]},{\"@type\":\"WebSite\",\"@id\":\"https:\/\/atakanayhan.av.tr\/en\/#website\",\"url\":\"https:\/\/atakanayhan.av.tr\/en\/\",\"name\":\"Avukat Atakan Ayhan\",\"description\":\"\u0130stanbul Avukat\",\"publisher\":{\"@id\":\"https:\/\/atakanayhan.av.tr\/en\/#organization\"},\"potentialAction\":[{\"@type\":\"SearchAction\",\"target\":{\"@type\":\"EntryPoint\",\"urlTemplate\":\"https:\/\/atakanayhan.av.tr\/en\/?s={search_term_string}\"},\"query-input\":{\"@type\":\"PropertyValueSpecification\",\"valueRequired\":true,\"valueName\":\"search_term_string\"}}],\"inLanguage\":\"en-US\"},{\"@type\":\"Organization\",\"@id\":\"https:\/\/atakanayhan.av.tr\/en\/#organization\",\"name\":\"Avukat Atakan Ayhan\",\"url\":\"https:\/\/atakanayhan.av.tr\/en\/\",\"logo\":{\"@type\":\"ImageObject\",\"inLanguage\":\"en-US\",\"@id\":\"https:\/\/atakanayhan.av.tr\/en\/#\/schema\/logo\/image\/\",\"url\":\"https:\/\/atakanayhan.av.tr\/wp-content\/uploads\/2025\/02\/atakan-ayhan-logo.png\",\"contentUrl\":\"https:\/\/atakanayhan.av.tr\/wp-content\/uploads\/2025\/02\/atakan-ayhan-logo.png\",\"width\":1629,\"height\":948,\"caption\":\"Avukat Atakan Ayhan\"},\"image\":{\"@id\":\"https:\/\/atakanayhan.av.tr\/en\/#\/schema\/logo\/image\/\"}}]}<\/script>\n<!-- \/ Yoast SEO plugin. -->","yoast_head_json":{"title":"Contact - Avukat Atakan Ayhan","robots":{"index":"index","follow":"follow","max-snippet":"max-snippet:-1","max-image-preview":"max-image-preview:large","max-video-preview":"max-video-preview:-1"},"canonical":"https:\/\/atakanayhan.av.tr\/en\/contact\/","og_locale":"en_US","og_type":"article","og_title":"Contact - Avukat Atakan Ayhan","og_description":"Contact Contact us You can contact us for any questions you may have. Asmal\u0131 Mescit Mah. Istiklal Cad. Elhamra Han No :130 Daire:23 Beyo\u011flu\/ISTANBUL +90 541 902 81 62 info@atakanayhan.av.tr&hellip;","og_url":"https:\/\/atakanayhan.av.tr\/en\/contact\/","og_site_name":"Avukat Atakan Ayhan","article_modified_time":"2025-03-07T11:46:56+00:00","twitter_card":"summary_large_image","schema":{"@context":"https:\/\/schema.org","@graph":[{"@type":"WebPage","@id":"https:\/\/atakanayhan.av.tr\/en\/contact\/","url":"https:\/\/atakanayhan.av.tr\/en\/contact\/","name":"Contact - Avukat Atakan Ayhan","isPartOf":{"@id":"https:\/\/atakanayhan.av.tr\/en\/#website"},"datePublished":"2020-04-30T11:12:41+00:00","dateModified":"2025-03-07T11:46:56+00:00","breadcrumb":{"@id":"https:\/\/atakanayhan.av.tr\/en\/contact\/#breadcrumb"},"inLanguage":"en-US","potentialAction":[{"@type":"ReadAction","target":["https:\/\/atakanayhan.av.tr\/en\/contact\/"]}]},{"@type":"BreadcrumbList","@id":"https:\/\/atakanayhan.av.tr\/en\/contact\/#breadcrumb","itemListElement":[{"@type":"ListItem","position":1,"name":"Anasayfa","item":"https:\/\/atakanayhan.av.tr\/en\/"},{"@type":"ListItem","position":2,"name":"Contact"}]},{"@type":"WebSite","@id":"https:\/\/atakanayhan.av.tr\/en\/#website","url":"https:\/\/atakanayhan.av.tr\/en\/","name":"Avukat Atakan Ayhan","description":"\u0130stanbul Avukat","publisher":{"@id":"https:\/\/atakanayhan.av.tr\/en\/#organization"},"potentialAction":[{"@type":"SearchAction","target":{"@type":"EntryPoint","urlTemplate":"https:\/\/atakanayhan.av.tr\/en\/?s={search_term_string}"},"query-input":{"@type":"PropertyValueSpecification","valueRequired":true,"valueName":"search_term_string"}}],"inLanguage":"en-US"},{"@type":"Organization","@id":"https:\/\/atakanayhan.av.tr\/en\/#organization","name":"Avukat Atakan Ayhan","url":"https:\/\/atakanayhan.av.tr\/en\/","logo":{"@type":"ImageObject","inLanguage":"en-US","@id":"https:\/\/atakanayhan.av.tr\/en\/#\/schema\/logo\/image\/","url":"https:\/\/atakanayhan.av.tr\/wp-content\/uploads\/2025\/02\/atakan-ayhan-logo.png","contentUrl":"https:\/\/atakanayhan.av.tr\/wp-content\/uploads\/2025\/02\/atakan-ayhan-logo.png","width":1629,"height":948,"caption":"Avukat Atakan Ayhan"},"image":{"@id":"https:\/\/atakanayhan.av.tr\/en\/#\/schema\/logo\/image\/"}}]}},"_links":{"self":[{"href":"https:\/\/atakanayhan.av.tr\/en\/wp-json\/wp\/v2\/pages\/21962","targetHints":{"allow":["GET"]}}],"collection":[{"href":"https:\/\/atakanayhan.av.tr\/en\/wp-json\/wp\/v2\/pages"}],"about":[{"href":"https:\/\/atakanayhan.av.tr\/en\/wp-json\/wp\/v2\/types\/page"}],"author":[{"embeddable":true,"href":"https:\/\/atakanayhan.av.tr\/en\/wp-json\/wp\/v2\/users\/1"}],"replies":[{"embeddable":true,"href":"https:\/\/atakanayhan.av.tr\/en\/wp-json\/wp\/v2\/comments?post=21962"}],"version-history":[{"count":8,"href":"https:\/\/atakanayhan.av.tr\/en\/wp-json\/wp\/v2\/pages\/21962\/revisions"}],"predecessor-version":[{"id":22102,"href":"https:\/\/atakanayhan.av.tr\/en\/wp-json\/wp\/v2\/pages\/21962\/revisions\/22102"}],"wp:attachment":[{"href":"https:\/\/atakanayhan.av.tr\/en\/wp-json\/wp\/v2\/media?parent=21962"}],"curies":[{"name":"wp","href":"https:\/\/api.w.org\/{rel}","templated":true}]}}